{"id":1623,"date":"2024-07-10T16:27:36","date_gmt":"2024-07-10T15:27:36","guid":{"rendered":"http:\/\/infocus.cat\/aviso-legal\/"},"modified":"2024-07-12T11:23:07","modified_gmt":"2024-07-12T10:23:07","slug":"aviso-legal","status":"publish","type":"page","link":"https:\/\/infocus.cat\/es\/aviso-legal\/","title":{"rendered":"Aviso legal"},"content":{"rendered":"\t\t<div data-elementor-type=\"wp-page\" data-elementor-id=\"1623\" class=\"elementor elementor-1623 elementor-1148\" data-elementor-post-type=\"page\">\n\t\t\t\t<div class=\"elementor-element elementor-element-836b95b e-flex e-con-boxed e-con e-parent\" data-id=\"836b95b\" data-element_type=\"container\" data-e-type=\"container\">\n\t\t\t\t\t<div class=\"e-con-inner\">\n\t\t\t\t<div class=\"elementor-element elementor-element-74dc6ef elementor-widget elementor-widget-heading\" data-id=\"74dc6ef\" data-element_type=\"widget\" data-e-type=\"widget\" data-widget_type=\"heading.default\">\n\t\t\t\t<div class=\"elementor-widget-container\">\n\t\t\t\t\t<h1 class=\"elementor-heading-title elementor-size-default\">Aviso legal<\/h1>\t\t\t\t<\/div>\n\t\t\t\t<\/div>\n\t\t\t\t<div class=\"elementor-element elementor-element-d539d4c elementor-widget elementor-widget-text-editor\" data-id=\"d539d4c\" data-element_type=\"widget\" data-e-type=\"widget\" data-widget_type=\"text-editor.default\">\n\t\t\t\t<div class=\"elementor-widget-container\">\n\t\t\t\t\t\t\t\t\t<p><strong>OBJETO<\/strong><\/p>\n<p>El presente aviso legal regula el uso y la utilizaci\u00f3n del sitio web www.infocus.cat del cual es titular la empresa PRODUCCI\u00d3 D&#8217;INICIATIVES AUDIOVISUALS SL (en adelante, LA PROPIETARIA DE LA WEB).<\/p>\n<p>La navegaci\u00f3n por el sitio web de LA PROPIETARIA DE LA WEB le atribuye la condici\u00f3n de USUARIO de este y conlleva la aceptaci\u00f3n plena y sin reservas de todas y cada una de las condiciones publicadas en este aviso legal, advirtiendo que estas condiciones podr\u00e1n ser modificadas sin notificaci\u00f3n previa por parte de LA PROPIETARIA DE LA WEB, en cuyo caso se proceder\u00e1 a su publicaci\u00f3n y aviso con la m\u00e1xima antelaci\u00f3n posible.<\/p>\n<p>Por ello, es recomendable leer atentamente su contenido en caso de desear acceder y hacer uso de la informaci\u00f3n y de los servicios ofrecidos desde este sitio web.<\/p>\n<p>El usuario, adem\u00e1s, se obliga a hacer un uso correcto del sitio web de conformidad con las leyes, la buena fe, el orden p\u00fablico, los usos del tr\u00e1fico y este Aviso Legal, y responder\u00e1 ante LA PROPIETARIA DE LA WEB o ante terceros, de cualesquiera da\u00f1os y perjuicios que pudieran causarse como consecuencia del incumplimiento de dicha obligaci\u00f3n.<\/p>\n<p>El uso diferente de la autorizada est\u00e1 expresamente prohibido y LA PROPIETARIA DE LA WEB puede denegar o retirar el acceso y su uso en cualquier momento.<\/p>\n<\/p>\n<p><strong>IDENTIFICACI\u00d3N<\/strong><\/p>\n<p>LA PROPIETARIA DE LA WEB, en cumplimiento de la Ley 34\/2002, de 11 de julio, de Servicios de la Sociedad de la Informaci\u00f3n y de Comercio Electr\u00f3nico, les informa que:<br \/>\u2022 Su denominaci\u00f3n social es: PRODUCCI\u00d3 D&#8217;INICIATIVES AUDIOVISUALS SL<br \/>\u2022 Su CIF es: B43813724<br \/>\u2022 Su domicilio social est\u00e1 en: Avinguda de Bellissens, 42, Planta Baja, Puerta B<\/p>\n<p><strong>COMUNICACIONES<\/strong><\/p>\n<p>Para comunicarse con nosotros, ponemos a su disposici\u00f3n diferentes medios de contacto que detallamos a continuaci\u00f3n:<br \/>\u2022 Email: hola@infocus.cat<br \/>Todas las notificaciones y comunicaciones entre los usuarios y LA PROPIETARIA DE LA WEB se considerar\u00e1n eficaces, con car\u00e1cter general, cuando se realicen a trav\u00e9s de cualquier medio de los detallados anteriormente.<\/p>\n<p><strong>4. CONDICIONES DE ACCESO Y UTILIZACI\u00d3N<br \/><\/strong><br \/>El sitio web y sus servicios son libres y gratuitos. No obstante, LA PROPIETARIA DE LA WEB puede condicionar la utilizaci\u00f3n de algunos de los servicios ofrecidos en su web al previo llenado del correspondiente formulario.<br \/>El usuario garantiza la autenticidad y la actualidad de todos aquellos datos que comunique a LA PROPIETARIA DE LA WEB y ser\u00e1 el \u00fanico responsable de las manifestaciones falsas o inexactas que realice.<br \/>El usuario se compromete expresamente a hacer un uso adecuado de los contenidos y servicios de LA PROPIETARIA DE LA WEB y a no emplearlos para, entre otros:<\/p>\n<ol>\n<li>5. Difundir contenidos delictivos, violentos, pornogr\u00e1ficos, racistas, xen\u00f3fobos, ofensivos, de apolog\u00eda del terrorismo o, en general, contrarios a la ley o al orden p\u00fablico.<br \/>6. Introducir en la red virus inform\u00e1ticos o realizar actuaciones susceptibles de alterar, da\u00f1ar, interrumpir o generar errores o da\u00f1os en los documentos electr\u00f3nicos, datos o sistemas f\u00edsicos y l\u00f3gicos de LA PROPIETARIA DE LA WEB o de terceras personas; as\u00ed como obstaculizar el acceso de otros usuarios al sitio web y a sus servicios mediante el consumo masivo de los recursos inform\u00e1ticos a trav\u00e9s de los cuales LA PROPIETARIA DE LA WEB presta servicios.<\/li>\n<li>Intentar acceder a las cuentas de correo electr\u00f3nico de otros usuarios o a \u00e1reas restringidas de los sistemas inform\u00e1ticos de LA PROPIETARIA DE LA WEB o de terceros y, en su caso, extraer informaci\u00f3n.<\/li>\n<li>Vulnerar los derechos de propiedad intelectual o industrial, as\u00ed como violar la confidencialidad de la informaci\u00f3n de LA PROPIETARIA DE LA WEB o de terceros.<\/li>\n<li>Suplantar la identidad de cualquier otro usuario.<\/li>\n<li>Reproducir, copiar, distribuir, poner a disposici\u00f3n, o cualquier otra forma de comunicaci\u00f3n p\u00fablica, transformar o modificar los contenidos, salvo que se cuente con la autorizaci\u00f3n del titular de los derechos correspondientes o ello resulte legalmente permitido<\/li>\n<li>Recabar datos con finalidad publicitaria y de remitir publicidad de cualquier clase y comunicaciones con fines de venta u otras de naturaleza comercial sin que medie su previa solicitud o consentimiento.<\/li>\n<\/ol>\n<p>Todos los contenidos del sitio web, tales como textos, fotograf\u00edas, gr\u00e1ficos, im\u00e1genes, iconos, tecnolog\u00eda, software, as\u00ed como su dise\u00f1o gr\u00e1fico y c\u00f3digos fuente, constituyen una obra cuya propiedad pertenece a LA PROPIETARIA DE LA WEB, sin que puedan entenderse cedidos al usuario ninguno de los derechos de explotaci\u00f3n sobre estos m\u00e1s all\u00e1 de lo estrictamente necesario para el correcto uso de la web.<\/p>\n<p>En definitiva, los usuarios que accedan a este sitio web pueden visualizar los contenidos y efectuar, en su caso, copias privadas autorizadas siempre que los elementos reproducidos no sean cedidos posteriormente a terceros, ni se instalen en servidores conectados a redes, ni sean objeto de ning\u00fan tipo de explotaci\u00f3n.<\/p>\n<p>Asimismo, todas las marcas, nombres comerciales o signos distintivos de cualquier clase que aparecen en el sitio web son propiedad de LA PROPIETARIA DE LA WEB, sin que pueda entenderse que el uso o acceso a este atribuya al usuario derecho alguno sobre estos.<\/p>\n<p>La distribuci\u00f3n, modificaci\u00f3n, cesi\u00f3n o comunicaci\u00f3n p\u00fablica de los contenidos y cualquier otro acto que no haya sido expresamente autorizado por el titular de los derechos de explotaci\u00f3n quedan prohibidos.<\/p>\n<p>El establecimiento de un hiperenlace no implica en ning\u00fan caso la existencia de relaciones entre LA PROPIETARIA DE LA WEB y el propietario del sitio web en el que se establezca, ni la aceptaci\u00f3n y aprobaci\u00f3n por parte de LA PROPIETARIA DE LA WEB de sus contenidos o servicios.<br \/>LA PROPIETARIA DE LA WEB no se responsabiliza del uso que cada usuario les d\u00e9 a los materiales puestos a disposici\u00f3n en este sitio web ni de las actuaciones que realice en base a estos.<\/p>\n<p><strong>EXCLUSI\u00d3N DE GARANT\u00cdAS Y DE RESPONSABILIDAD EN EL ACCESO Y LA UTILIZACI\u00d3N<br \/><\/strong><br \/>El contenido del presente sitio web es de car\u00e1cter general y tiene una finalidad meramente informativa, sin que se garantice plenamente el acceso a todos los contenidos, ni su exhaustividad, correcci\u00f3n, vigencia o actualidad, ni su idoneidad o utilidad para un objetivo espec\u00edfico.<\/p>\n<p>LA PROPIETARIA DE LA WEB excluye, hasta donde permite el ordenamiento jur\u00eddico, cualquier responsabilidad por los da\u00f1os y perjuicios de toda naturaleza derivados de:<\/p>\n<p>a) La imposibilidad de acceso al sitio web o la falta de veracidad, exactitud, exhaustividad y\/o actualidad de los contenidos, as\u00ed como la existencia de vicios y defectos de toda clase de los contenidos transmitidos, difundidos, almacenados, puestos a disposici\u00f3n, a los que se haya accedido a trav\u00e9s del sitio web o de los servicios que se ofrecen.<\/p>\n<p>b) La presencia de virus u otros elementos en los contenidos que puedan producir alteraciones en los sistemas inform\u00e1ticos, documentos electr\u00f3nicos o datos de los usuarios.<\/p>\n<p>c) El incumplimiento de las leyes, la buena fe, el orden p\u00fablico, los usos del tr\u00e1fico y este aviso legal como consecuencia del uso incorrecto del sitio web. En particular, y de manera ejemplificativa, LA PROPIETARIA DE LA WEB no se hace responsable de las actuaciones de terceros que vulneren derechos de propiedad intelectual e industrial, secretos empresariales, derechos al honor, a la intimidad personal y familiar y a la propia imagen, as\u00ed como la normativa en materia de competencia desleal y publicidad il\u00edcita.<\/p>\n<p>Asimismo, LA PROPIETARIA DE LA WEB declina cualquier responsabilidad respecto a la informaci\u00f3n que se halle fuera de esta web y no sea gestionada directamente por nuestro webmaster. La funci\u00f3n de los enlaces que aparecen en esta web es exclusivamente informar al usuario sobre la existencia de otras fuentes susceptibles de ampliar los contenidos que ofrece este sitio web. LA PROPIETARIA DE LA WEB no garantiza ni se responsabiliza del funcionamiento o accesibilidad de los sitios enlazados; ni sugiere, invita o recomienda la visita a estos, por lo que tampoco ser\u00e1 responsable del resultado obtenido. LA PROPIETARIA DE LA WEB no se responsabiliza del establecimiento de enlaces por parte de terceros.<\/p>\n<p>PROCEDIMIENTO EN CASO DE REALIZACI\u00d3N DE ACTIVIDADES DE CAR\u00c1CTER IL\u00cdCITO<br \/>En el caso de que cualquier usuario o un tercero considere que existen hechos o circunstancias que revelen el car\u00e1cter il\u00edcito de la utilizaci\u00f3n de cualquier contenido y\/o de la realizaci\u00f3n de cualquier actividad en las p\u00e1ginas web incluidas o accesibles a trav\u00e9s del sitio web, deber\u00e1 enviar una notificaci\u00f3n a LA PROPIETARIA DE LA WEB identific\u00e1ndose debidamente y especificando las supuestas infracciones.<\/p>\n<p>\u2022 PUBLICACIONES<br \/>La informaci\u00f3n administrativa facilitada a trav\u00e9s del sitio web no sustituye la publicidad legal de las leyes, normativas, planes, disposiciones generales y actos que hayan de ser publicados formalmente en los diarios oficiales de las administraciones p\u00fablicas, que constituyen el \u00fanico instrumento que da fe de su autenticidad y contenido. La informaci\u00f3n disponible en este sitio web debe entenderse como una gu\u00eda sin prop\u00f3sito de validez legal.<\/p>\n\t\t\t\t\t\t\t\t<\/div>\n\t\t\t\t<\/div>\n\t\t\t\t\t<\/div>\n\t\t\t\t<\/div>\n\t\t\t\t<\/div>\n\t\t","protected":false},"excerpt":{"rendered":"<p>Aviso legal OBJETO El presente aviso legal regula el uso y la utilizaci\u00f3n del sitio web www.infocus.cat del cual es titular la empresa PRODUCCI\u00d3 D&#8217;INICIATIVES AUDIOVISUALS SL (en adelante, LA PROPIETARIA DE LA WEB). La navegaci\u00f3n por el sitio web de LA PROPIETARIA DE LA WEB le atribuye la condici\u00f3n de USUARIO de este y [&hellip;]<\/p>\n","protected":false},"author":5,"featured_media":0,"parent":0,"menu_order":0,"comment_status":"closed","ping_status":"closed","template":"","meta":{"footnotes":""},"class_list":["post-1623","page","type-page","status-publish","hentry"],"_links":{"self":[{"href":"https:\/\/infocus.cat\/es\/wp-json\/wp\/v2\/pages\/1623","targetHints":{"allow":["GET"]}}],"collection":[{"href":"https:\/\/infocus.cat\/es\/wp-json\/wp\/v2\/pages"}],"about":[{"href":"https:\/\/infocus.cat\/es\/wp-json\/wp\/v2\/types\/page"}],"author":[{"embeddable":true,"href":"https:\/\/infocus.cat\/es\/wp-json\/wp\/v2\/users\/5"}],"replies":[{"embeddable":true,"href":"https:\/\/infocus.cat\/es\/wp-json\/wp\/v2\/comments?post=1623"}],"version-history":[{"count":1,"href":"https:\/\/infocus.cat\/es\/wp-json\/wp\/v2\/pages\/1623\/revisions"}],"predecessor-version":[{"id":1624,"href":"https:\/\/infocus.cat\/es\/wp-json\/wp\/v2\/pages\/1623\/revisions\/1624"}],"wp:attachment":[{"href":"https:\/\/infocus.cat\/es\/wp-json\/wp\/v2\/media?parent=1623"}],"curies":[{"name":"wp","href":"https:\/\/api.w.org\/{rel}","templated":true}]}}