{"id":1625,"date":"2024-07-10T16:28:15","date_gmt":"2024-07-10T15:28:15","guid":{"rendered":"http:\/\/infocus.cat\/politica-de-cookies\/"},"modified":"2024-08-28T12:10:45","modified_gmt":"2024-08-28T11:10:45","slug":"politica-de-cookies","status":"publish","type":"page","link":"https:\/\/infocus.cat\/es\/politica-de-cookies\/","title":{"rendered":"Pol\u00edtica de cookies"},"content":{"rendered":"\t\t<div data-elementor-type=\"wp-page\" data-elementor-id=\"1625\" class=\"elementor elementor-1625 elementor-1150\" data-elementor-post-type=\"page\">\n\t\t\t\t<div class=\"elementor-element elementor-element-2167c22 e-flex e-con-boxed e-con e-parent\" data-id=\"2167c22\" data-element_type=\"container\" data-e-type=\"container\">\n\t\t\t\t\t<div class=\"e-con-inner\">\n\t\t\t\t<div class=\"elementor-element elementor-element-59a8bca elementor-widget elementor-widget-heading\" data-id=\"59a8bca\" data-element_type=\"widget\" data-e-type=\"widget\" data-widget_type=\"heading.default\">\n\t\t\t\t<div class=\"elementor-widget-container\">\n\t\t\t\t\t<h1 class=\"elementor-heading-title elementor-size-default\">POL\u00cdTICA DE COOKIES<\/h1>\t\t\t\t<\/div>\n\t\t\t\t<\/div>\n\t\t\t\t<div class=\"elementor-element elementor-element-ba16878 elementor-widget elementor-widget-text-editor\" data-id=\"ba16878\" data-element_type=\"widget\" data-e-type=\"widget\" data-widget_type=\"text-editor.default\">\n\t\t\t\t<div class=\"elementor-widget-container\">\n\t\t\t\t\t\t\t\t\t<p><strong>\u00bfQu\u00e9 son las cookies?<\/strong><\/p>\n<p>Una cookie es un archivo que se descarga en su ordenador al acceder a determinadas p\u00e1ginas web. Las cookies permiten a una p\u00e1gina web almacenar y recuperar informaci\u00f3n sobre los h\u00e1bitos de navegaci\u00f3n de un usuario o de su equipo y, dependiendo de la informaci\u00f3n y de c\u00f3mo utilice su equipo, pueden usarse para reconocer al usuario.<\/p>\n<p><strong>Tipo de cookies.<\/strong><\/p>\n<p><strong>1. Tipo de cookies seg\u00fan la entidad que las gestione<\/strong><\/p>\n<p>Seg\u00fan quien sea la entidad que gestione el equipo o el dominio desde donde se env\u00edan las cookies y trate los datos que se obtengan, podemos distinguir:<\/p>\n<p>&#8211; cookies propias: Son aquellas que se env\u00edan al equipo terminal del usuario desde un equipo o dominio gestionado por el propio editor y desde el que se presta el servicio solicitado por el usuario.<\/p>\n<p>&#8211; cookies de tercero: Son aquellas que se env\u00edan al equipo terminal del usuario desde un equipo o dominio que no es gestionado por el editor, sino por otra entidad que trata los datos obtenidos a trav\u00e9s de las cookies.<br \/>En caso de que las cookies sean instaladas desde un equipo o dominio gestionado por el mismo editor pero la informaci\u00f3n que se recoja mediante \u00e9stas sea gestionada por un tercero, no pueden ser consideradas como cookies propias.<\/p>\n<p><strong>2. Tipo de cookies seg\u00fan el plazo de tiempo que permanecen activadas<\/strong><br \/>Seg\u00fan el plazo de tiempo que permanecen activadas en el equipo terminal podemos distinguir:<\/p>\n<p>&#8211; cookies de sesi\u00f3n: Son un tipo de cookies dise\u00f1adas para recabar y almacenar datos mientras el usuario accede a una p\u00e1gina web.<br \/>Se suelen utilizar para almacenar informaci\u00f3n que s\u00f3lo interesa conservar para la prestaci\u00f3n del servicio solicitado por el usuario en una sola ocasi\u00f3n (por ejemplo, una lista de productos adquiridos).<\/p>\n<p>&#8211; cookies persistentes: Son un tipo de cookies en las que los datos siguen almacenados en el terminal y pueden ser accedidas y tratadas durante un per\u00edodo definido por el responsable de la galleta, y que puede ir de unos minutos a varios a\u00f1os.<\/p>\n<p><strong>3. Tipo de cookies seg\u00fan la finalidad<\/strong><\/p>\n<p>Seg\u00fan la finalidad para la que se traten los datos obtenidos a trav\u00e9s de las cookies, podemos distinguir entre:<\/p>\n<p>&#8211; cookies t\u00e9cnicas: permiten al usuario navegar por una p\u00e1gina web, plataforma o aplicaci\u00f3n y utilizar las opciones o servicios que, por ejemplo, controlar el tr\u00e1fico y la comunicaci\u00f3n de datos, identificar la sesi\u00f3n, acceder a partes de acceso restringido, recordar los elementos que integran un pedido, realizar el proceso de compra de un pedido, solicitar inscripci\u00f3n o participaci\u00f3n en un evento, utilizar elementos de seguridad durante la navegaci\u00f3n, almacenar contenidos para difundir v\u00eddeos o sonidos o redes sociales.<\/p>\n<p>&#8211; cookies de personalizaci\u00f3n: permiten al usuario acceder al servicio con caracter\u00edsticas generales predefinidas seg\u00fan unos criterios en el terminal del usuario como el idioma, el tipo de navegador con el que accede al servicio, la configuraci\u00f3n regional desde donde accede al servicio, etc.<\/p>\n<p>&#8211; cookies de an\u00e1lisis: Son las que permiten al responsable, el seguimiento y an\u00e1lisis del comportamiento de los usuarios de los sitios web a los que est\u00e1n vinculadas. La informaci\u00f3n recogida con este tipo de cookies se utiliza para medir la actividad de los sitios web, aplicaci\u00f3n o plataforma y para elaborar perfiles de navegaci\u00f3n de los usuarios de estos sitios, aplicaciones y plataformas, para introducir mejoras seg\u00fan el an\u00e1lisis de los datos de uso de los usuarios del servicio.<\/p>\n<p>&#8211; cookies publicitarias: Son las que permiten la gesti\u00f3n de los espacios publicitarios que el editor haya incluido en una p\u00e1gina web, aplicaci\u00f3n o plataforma desde la que presta el servicio solicitado seg\u00fan criterios como el contenido editado o la frecuencia de anuncios.<\/p>\n<p>&#8211; cookies de publicidad comportamental: Son las que permiten la gesti\u00f3n de los espacios publicitarios que el editor haya incluido en una p\u00e1gina web, aplicaci\u00f3n o plataforma desde la que presta el servicio solo. Estas cookies almacenan informaci\u00f3n del comportamiento de los usuarios obtenida a trav\u00e9s de la observaci\u00f3n continuada de sus h\u00e1bitos de navegaci\u00f3n, lo que permite desarrollar un perfil espec\u00edfico para mostrar publicidad en funci\u00f3n de este.<\/p>\n<p><strong>4. Tipo de cookies que utiliza esta web<\/strong><\/p>\n<p>&#8211; cookies de an\u00e1lisis:.<br \/>La aplicaci\u00f3n que utilizamos para obtener y analizar la informaci\u00f3n es Google Analytics.<br \/>Las cookies utilizadas para ello (_utma, _utmb, _utmc, _utmt y _utmz) son cookies de Terceros.<br \/>Estas cookies se utilizan para recoger informaci\u00f3n sobre la navegaci\u00f3n de los usuarios por el sitio para conocer el origen de las visitas y otros datos similares en el \u00e1mbito estad\u00edstico.<br \/>A trav\u00e9s de los siguientes enlaces puede ver el detalle de las cookies que utiliza Google Analitiycs y su prop\u00f3sito: https:\/\/developers.google.com\/analytics\/devguides\/collection\/analyticsjs\/cookie-usage y Centro de privacidad de Google<\/p>\n<p><strong>Eliminar o bloquear las cookies<\/strong><\/p>\n<p>Usted puede permitir, bloquear o eliminar las cookies instaladas en su equipo mediante la configuraci\u00f3n de las opciones del navegador instalado en su ordenador.<br \/>Puede ver m\u00e1s informaci\u00f3n sobre su navegador y las cookies en los siguientes enlaces:<br \/>\u2022 Puede ver m\u00e1s informaci\u00f3n sobre su navegador y las cookies en los siguientes enlaces:<br \/>\u2022 Firefox: <a href=\"http:\/\/support.mozilla.org\/es\/kb\/habilitar-y-deshabilitar-cookies-que-los-sitios-web\" target=\"_blank\" rel=\"noopener\">http:\/\/support.mozilla.org\/es\/kb\/habilitar-y-deshabilitar-cookies-que-los-sitios-web<\/a><\/p>\n\t\t\t\t\t\t\t\t<\/div>\n\t\t\t\t<\/div>\n\t\t\t\t<div class=\"elementor-element elementor-element-57a6063 elementor-widget elementor-widget-heading\" data-id=\"57a6063\" data-element_type=\"widget\" data-e-type=\"widget\" data-widget_type=\"heading.default\">\n\t\t\t\t<div class=\"elementor-widget-container\">\n\t\t\t\t\t<h2 class=\"elementor-heading-title elementor-size-default\">Nuestra web utiliza las siguientes cookies<\/h2>\t\t\t\t<\/div>\n\t\t\t\t<\/div>\n\t\t\t\t<div class=\"elementor-element elementor-element-6c511a5 elementor-widget elementor-widget-html\" data-id=\"6c511a5\" data-element_type=\"widget\" data-e-type=\"widget\" data-widget_type=\"html.default\">\n\t\t\t\t<div class=\"elementor-widget-container\">\n\t\t\t\t\t<div class=\"cky-audit-table-element\"><\/div>\t\t\t\t<\/div>\n\t\t\t\t<\/div>\n\t\t\t\t\t<\/div>\n\t\t\t\t<\/div>\n\t\t\t\t<\/div>\n\t\t","protected":false},"excerpt":{"rendered":"<p>POL\u00cdTICA DE COOKIES \u00bfQu\u00e9 son las cookies? Una cookie es un archivo que se descarga en su ordenador al acceder a determinadas p\u00e1ginas web. Las cookies permiten a una p\u00e1gina web almacenar y recuperar informaci\u00f3n sobre los h\u00e1bitos de navegaci\u00f3n de un usuario o de su equipo y, dependiendo de la informaci\u00f3n y de c\u00f3mo [&hellip;]<\/p>\n","protected":false},"author":5,"featured_media":0,"parent":0,"menu_order":0,"comment_status":"closed","ping_status":"closed","template":"","meta":{"footnotes":""},"class_list":["post-1625","page","type-page","status-publish","hentry"],"_links":{"self":[{"href":"https:\/\/infocus.cat\/es\/wp-json\/wp\/v2\/pages\/1625","targetHints":{"allow":["GET"]}}],"collection":[{"href":"https:\/\/infocus.cat\/es\/wp-json\/wp\/v2\/pages"}],"about":[{"href":"https:\/\/infocus.cat\/es\/wp-json\/wp\/v2\/types\/page"}],"author":[{"embeddable":true,"href":"https:\/\/infocus.cat\/es\/wp-json\/wp\/v2\/users\/5"}],"replies":[{"embeddable":true,"href":"https:\/\/infocus.cat\/es\/wp-json\/wp\/v2\/comments?post=1625"}],"version-history":[{"count":2,"href":"https:\/\/infocus.cat\/es\/wp-json\/wp\/v2\/pages\/1625\/revisions"}],"predecessor-version":[{"id":2358,"href":"https:\/\/infocus.cat\/es\/wp-json\/wp\/v2\/pages\/1625\/revisions\/2358"}],"wp:attachment":[{"href":"https:\/\/infocus.cat\/es\/wp-json\/wp\/v2\/media?parent=1625"}],"curies":[{"name":"wp","href":"https:\/\/api.w.org\/{rel}","templated":true}]}}