{"id":1642,"date":"2024-02-01T11:22:34","date_gmt":"2024-02-01T10:22:34","guid":{"rendered":"http:\/\/infocus.cat\/politica-de-privacidad\/"},"modified":"2024-07-12T11:57:57","modified_gmt":"2024-07-12T10:57:57","slug":"politica-de-privacidad","status":"publish","type":"page","link":"https:\/\/infocus.cat\/es\/politica-de-privacidad\/","title":{"rendered":"Pol\u00edtica de privacidad"},"content":{"rendered":"\t\t<div data-elementor-type=\"wp-page\" data-elementor-id=\"1642\" class=\"elementor elementor-1642 elementor-3\" data-elementor-post-type=\"page\">\n\t\t\t\t<div class=\"elementor-element elementor-element-41255b9 e-flex e-con-boxed e-con e-parent\" data-id=\"41255b9\" data-element_type=\"container\" data-e-type=\"container\">\n\t\t\t\t\t<div class=\"e-con-inner\">\n\t\t\t\t<div class=\"elementor-element elementor-element-5b44920 elementor-widget elementor-widget-heading\" data-id=\"5b44920\" data-element_type=\"widget\" data-e-type=\"widget\" data-widget_type=\"heading.default\">\n\t\t\t\t<div class=\"elementor-widget-container\">\n\t\t\t\t\t<h1 class=\"elementor-heading-title elementor-size-default\">POL\u00cdTICA DE PRIVACIDAD<\/h1>\t\t\t\t<\/div>\n\t\t\t\t<\/div>\n\t\t\t\t<div class=\"elementor-element elementor-element-acd39f6 elementor-widget elementor-widget-text-editor\" data-id=\"acd39f6\" data-element_type=\"widget\" data-e-type=\"widget\" data-widget_type=\"text-editor.default\">\n\t\t\t\t<div class=\"elementor-widget-container\">\n\t\t\t\t\t\t\t\t\t<p>Cuando necesitamos obtener informaci\u00f3n por su parte, siempre le pediremos que nos la proporcione voluntariamente de forma expresa. Los datos ser\u00e1n recabados a trav\u00e9s de los formularios de recogida de datos del sitio web u otras v\u00edas.<\/p>\n<p>Informaci\u00f3n B\u00e1sica sobre Protecci\u00f3n de Datos<\/p>\n<p><strong>Responsable: <\/strong>PRODUCCI\u00d3 D&#8217;INICIATIVES AUDIOVISUALS SL<br \/><strong>Finalidad:<\/strong> Atender sus consultas, Solicitud de presupuestos y env\u00edo de comunicaciones comerciales.<\/p>\n<p><strong>Legitimaci\u00f3n:<\/strong><br \/>\u25aa Consentimiento del interesado.<br \/><strong>Destinatarios:<\/strong> No se ceder\u00e1n datos a terceros, salvo obligaci\u00f3n legal.<br \/><strong>Derechos:<\/strong> Tiene derecho a acceder, rectificar y suprimir los datos, as\u00ed como otros derechos, indicados en la informaci\u00f3n adicional, que puede ejercer dirigi\u00e9ndose a la direcci\u00f3n del responsable del tratamiento a <a href=\"mailto:hola@infocus.cat\">hola@infocus.cat <\/a><\/p>\n<p><strong>Procedencia:<\/strong> El propio interesado.<br \/><strong>Informaci\u00f3n adicional: <\/strong> Puede consultar informaci\u00f3n adicional y detallada sobre Protecci\u00f3n de Datos en la parte final de este documento.<\/p>\n<p><strong>Informaci\u00f3n adicional<\/strong><br \/>\u00bfQui\u00e9n es el responsable del tratamiento de sus datos?<br \/>Identidad: PRODUCCI\u00d3 D&#8217;INICIATIVES AUDIOVISUALS SL<\/p>\n<p><strong>NIF: <\/strong>B43813724<br \/><strong>Direcci\u00f3n postal:<\/strong> Avenida de Bellissens, 42, Planta Baja, Puerta B, Reus (Tarragona)<br \/><strong>Correo electr\u00f3nico:<\/strong> <a href=\"mailto:hola@infocus.cat\">hola@infocus.cat <\/a><\/p>\n<p><strong>\u00bfCon qu\u00e9 finalidad tratamos sus datos personales?<\/strong><\/p>\n<p>PRODUCCI\u00d3 D&#8217;INICIATIVES AUDIOVISUALS SL , LA PROPIETARIA DE LA WEB tratamos la informaci\u00f3n que nos facilitan las personas interesadas para: Responder a sus consultas, Atender a su solicitud de presupuesto, as\u00ed como el env\u00edo de comunicaciones comerciales sobre los nuestros productos y servicios.<\/p>\n<p><strong>\u00bfPor cu\u00e1nto tiempo conservaremos sus datos?<\/strong><br \/>Los datos se conservar\u00e1n mientras no solicite supresi\u00f3n y en cualquier caso durante los a\u00f1os necesarios para cumplir las obligaciones legales.<\/p>\n<p><strong>\u00bfCu\u00e1l es la legitimaci\u00f3n para el tratamiento de sus datos?<\/strong><br \/>Le indicamos la base legal para el tratamiento de sus datos:<br \/>\u2022 Consentimiento del interesado: Atender sus consultas, Gestionar su solicitud de presupuesto y Env\u00edo de comunicaciones comerciales.<\/p>\n<p><strong>\u00bfA qu\u00e9 destinatarios se comunicar\u00e1n sus datos?<\/strong><br \/>No se ceder\u00e1n datos a terceros, salvo obligaci\u00f3n legal y con los prestamistas de servicios, con los que compartimos datos, existe el Contrato de prestaci\u00f3n de servicios, debidamente firmado, seg\u00fan dicta el art\u00edculo 28 del RGPD-UE.<\/p>\n<p><strong>\u00bfTransferencias de datos a terceros pa\u00edses?<\/strong><br \/>No est\u00e1n previstas transferencias de datos a terceros pa\u00edses.<\/p>\n<p><strong>\u00bfCu\u00e1les son sus derechos cuando nos facilita sus datos?<\/strong><br \/>Cualquier persona tiene derecho a obtener confirmaci\u00f3n sobre si PRODUCCI\u00d3 D&#8217;INICIATIVES AUDIOVISUALS SL est\u00e1 tratando datos personales que les conciernan, o no.<br \/>Las personas interesadas tienen derecho a acceder a sus datos personales, as\u00ed como a solicitar la rectificaci\u00f3n de los datos inexactos o, en su caso, solicitar su supresi\u00f3n cuando, entre otros motivos, los datos ya no sean necesarios para a los fines que fueron recogidas.<\/p>\n<p>En determinadas circunstancias, los interesados podr\u00e1n solicitar la limitaci\u00f3n del tratamiento de sus datos, en cuyo caso \u00fanicamente los conservaremos para el ejercicio o la defensa de reclamaciones.<\/p>\n<p>En determinadas circunstancias y por motivos relacionados con su situaci\u00f3n particular, los interesados pueden oponerse al tratamiento de sus datos. En este caso, PRODUCCI\u00d3 D&#8217;INICIATIVES AUDIOVISUALS SL dejar\u00e1 de tratar los datos, salvo por motivos leg\u00edtimos imperiosos, o el ejercicio o la defensa de posibles reclamaciones.<\/p>\n<p>Podr\u00e1 ejercer materialmente sus derechos de la siguiente manera: Tiene derecho a acceder, rectificar y suprimir los datos, as\u00ed como la portabilidad de sus datos, que puede ejercer en la direcci\u00f3n del propietario de la web.<br \/>Si ha otorgado su consentimiento para alguna finalidad concreta, tiene derecho a retirar el consentimiento otorgado en cualquier momento, sin que ello afecte a la licitud del tratamiento basado en el consentimiento previo a su retirada.<br \/>En caso de que sienta vulnerados sus derechos en cuanto a la protecci\u00f3n de sus datos personales, especialmente cuando no haya obtenido satisfacci\u00f3n en el ejercicio de sus derechos, puede presentar una reclamaci\u00f3n ante la Autoridad de Control en materia de protecci\u00f3n de datos competente a trav\u00e9s de su sitio web: www.agpd.es.<\/p>\n<p><strong>\u00bfC\u00d3MO HEMOS OBTENIDO SUS DATOS?<\/strong><br \/>Los datos personales que trata PRODUCCI\u00d3 D&#8217;INICIATIVES AUDIOVISUALS SL proceden del mismo interesado.<br \/>No se tratan categor\u00edas especiales de datos personales (son aquellos datos que revelen el origen \u00e9tnico o racial, las opiniones pol\u00edticas, las convicciones religiosas o filos\u00f3ficas, o la afiliaci\u00f3n sindical, datos gen\u00e9ticos, datos biom\u00e9tricos dirigidos a identificar de forma un\u00edvoca a una persona f\u00edsica datos relativos a la salud o datos relativos a la vida o la orientaci\u00f3n sexuales de una persona f\u00edsica). <\/p>\n<p>LA PROPIETARIA DE LA WEB podr\u00e1 utilizar galletas durante la prestaci\u00f3n de servicios del sitio web. Las cookies son archivos f\u00edsicos de informaci\u00f3n personal alojados en el mismo terminal del usuario. El usuario tiene la posibilidad de configurar su programa navegador de forma que se impida la creaci\u00f3n de archivos cookie o se advierta.<\/p>\n<p>PRODUCCI\u00d3 D&#8217;INICIATIVES AUDIOVISUALS SL adopta los niveles de seguridad correspondientes requeridos por REGLAMENTO (UE) 2016\/679 DEL PARLAMENTO EUROPEO Y DEL CONSEJO y dem\u00e1s normativa aplicable. No obstante, no puede garantizar la absoluta invulnerabilidad de los sistemas, por tanto, no asume ninguna responsabilidad por los da\u00f1os y perjuicios derivados de alteraciones que terceros puedan causar en los sistemas inform\u00e1ticos, documentos electr\u00f3nicos o ficheros del usuario.<br \/>Si opta por abandonar nuestro sitio web a trav\u00e9s de enlaces a sitios web no pertenecientes a nuestra entidad, PRODUCCI\u00d3 D&#8217;INICIATIVES AUDIOVISUALS SL no se har\u00e1 responsable de las pol\u00edticas de privacidad de estos sitios web ni de las cookies que estos puedan almacenar en el ordenador del usuario.<br \/>Nuestra pol\u00edtica en lo que respecta al correo electr\u00f3nico se centra en remitir \u00fanicamente comunicaciones que usted haya solicitado recibir.<br \/>Si prefiere no recibir estos mensajes por correo electr\u00f3nico os ofrecemos a trav\u00e9s de \u00e9stos la posibilidad de ejercer su derecho de cancelaci\u00f3n y renuncia a la recepci\u00f3n de estos mensajes, de conformidad con lo dispuesto en el T\u00edtulo III, art\u00edculo 22 de la Ley 34\/2002, de Servicios para la Sociedad de la Informaci\u00f3n y de Comercio Electr\u00f3nico.<\/p>\n<p><strong>\u2022 LEGISLACI\u00d3N APLICABLE<\/strong><br \/>Estas condiciones se rigen por la legislaci\u00f3n espa\u00f1ola vigente.<br \/>La lengua utilizada ser\u00e1 el Castellano.<\/p>\n\t\t\t\t\t\t\t\t<\/div>\n\t\t\t\t<\/div>\n\t\t\t\t\t<\/div>\n\t\t\t\t<\/div>\n\t\t\t\t<\/div>\n\t\t","protected":false},"excerpt":{"rendered":"<p>POL\u00cdTICA DE PRIVACIDAD Cuando necesitamos obtener informaci\u00f3n por su parte, siempre le pediremos que nos la proporcione voluntariamente de forma expresa. Los datos ser\u00e1n recabados a trav\u00e9s de los formularios de recogida de datos del sitio web u otras v\u00edas. Informaci\u00f3n B\u00e1sica sobre Protecci\u00f3n de Datos Responsable: PRODUCCI\u00d3 D&#8217;INICIATIVES AUDIOVISUALS SLFinalidad: Atender sus consultas, Solicitud [&hellip;]<\/p>\n","protected":false},"author":5,"featured_media":0,"parent":0,"menu_order":0,"comment_status":"closed","ping_status":"closed","template":"","meta":{"footnotes":""},"class_list":["post-1642","page","type-page","status-publish","hentry"],"_links":{"self":[{"href":"https:\/\/infocus.cat\/es\/wp-json\/wp\/v2\/pages\/1642","targetHints":{"allow":["GET"]}}],"collection":[{"href":"https:\/\/infocus.cat\/es\/wp-json\/wp\/v2\/pages"}],"about":[{"href":"https:\/\/infocus.cat\/es\/wp-json\/wp\/v2\/types\/page"}],"author":[{"embeddable":true,"href":"https:\/\/infocus.cat\/es\/wp-json\/wp\/v2\/users\/5"}],"replies":[{"embeddable":true,"href":"https:\/\/infocus.cat\/es\/wp-json\/wp\/v2\/comments?post=1642"}],"version-history":[{"count":1,"href":"https:\/\/infocus.cat\/es\/wp-json\/wp\/v2\/pages\/1642\/revisions"}],"predecessor-version":[{"id":1643,"href":"https:\/\/infocus.cat\/es\/wp-json\/wp\/v2\/pages\/1642\/revisions\/1643"}],"wp:attachment":[{"href":"https:\/\/infocus.cat\/es\/wp-json\/wp\/v2\/media?parent=1642"}],"curies":[{"name":"wp","href":"https:\/\/api.w.org\/{rel}","templated":true}]}}